{"id":1619,"date":"2023-11-08T08:57:48","date_gmt":"2023-11-08T08:57:48","guid":{"rendered":"https:\/\/naszedzieci.info.pl\/?page_id=1619"},"modified":"2023-11-12T19:23:54","modified_gmt":"2023-11-12T19:23:54","slug":"o-nas","status":"publish","type":"page","link":"https:\/\/naszedzieci.info.pl\/?page_id=1619","title":{"rendered":"O nas"},"content":{"rendered":"<div class=\"wp-block-image\">\n<figure class=\"aligncenter size-large\"><img decoding=\"async\" loading=\"lazy\" width=\"1024\" height=\"585\" src=\"https:\/\/naszedzieci.info.pl\/wp-content\/uploads\/2023\/11\/323272337_868506867907799_5040469521096649414_n-1-1024x585.jpg\" alt=\"\" class=\"wp-image-1702\" srcset=\"https:\/\/naszedzieci.info.pl\/wp-content\/uploads\/2023\/11\/323272337_868506867907799_5040469521096649414_n-1-1024x585.jpg 1024w, https:\/\/naszedzieci.info.pl\/wp-content\/uploads\/2023\/11\/323272337_868506867907799_5040469521096649414_n-1-300x171.jpg 300w, https:\/\/naszedzieci.info.pl\/wp-content\/uploads\/2023\/11\/323272337_868506867907799_5040469521096649414_n-1-768x439.jpg 768w, https:\/\/naszedzieci.info.pl\/wp-content\/uploads\/2023\/11\/323272337_868506867907799_5040469521096649414_n-1.jpg 1050w\" sizes=\"(max-width: 1024px) 100vw, 1024px\" \/><\/figure><\/div>\n\n\n<p>Misj\u0105 Stowarzyszenia jest tworzenie warunk\u00f3w w\u0142\u0105czania niepe\u0142nosprawnych w tok normalnego \u017cycia, rozwijanie umiej\u0119tno\u015bci wykonywania czynno\u015bci \u017cycia codziennego oraz zaradno\u015bci osobistej, korzystania przez nich z og\u00f3lnodost\u0119pnej infrastruktury i form \u017cycia spo\u0142ecznego, z zapewnieniem im &#8211; w razie potrzeby &#8211; odpowiedniego wsparcia, zw\u0142aszcza w postaci specjalistycznej pomocy, doradztwa i asysty. Dzia\u0142alno\u015b\u0107 Stowarzyszenia, w trosce o r\u00f3wne szanse oraz ze wzgl\u0119du na szczeg\u00f3lnie trudn\u0105 sytuacj\u0119 \u017cyciow\u0105 os\u00f3b niepe\u0142nosprawnych, zw\u0142aszcza dzieci oraz ich rodzin, skierowana jest g\u0142\u00f3wnie na rzecz mieszka\u0144c\u00f3w Gminy Ryglice.<\/p>\n\n\n\n<p>Uprzejmie informujemy \u017ce Stowarzyszenie Rodzic\u00f3w i Opiekun\u00f3w Dzieci Niepe\u0142nosprawnych Nasze Dzieci realizuje w ramach Programu Integracji Spo\u0142ecznej projekt &#8221; Dla zdrowia -domowa rehabilitacja oraz hipoterapia dla niepe\u0142nosprawnych dzieci z Gminy Ryglice&#8221; 10 os\u00f3b niepe\u0142nosprawnych (7 dzieci i 3 osoby doros\u0142e) otrzyma pomoc w postaci rehabilitacji wykonywanej w ich domach. Projekt realizowany jest w porozumieniu z dzia\u0142aj\u0105cymi na terenie naszej gminy. Partnerskimi Sp\u00f3\u0142kami Lekarskimi Broniek-Setkiewicz oraz Berger &#8211; Sajdak. Dzia\u0142ania zwi\u0105zane z realizacj\u0105 projektu rozpocz\u0119\u0142y si\u0119 w ostatnim tygodniu wrze\u015bnia i potrwaj\u0105 do ko\u0144ca pa\u017adziernika. Bud\u017cet projektu wynosi 10 ty\u015b z\u0142otych.<\/p>\n\n\n\n<p>W dniu 21 .10.2008 zako\u0144czy\u0142a si\u0119 organizowana pod patronatem Programu Integracji Spo\u0142ecznej hipoterapia w ramach zaplanowanych zda\u0144 zrealizowano dla 10-ciorga dzieci pomoc w formie rehabilitacji konnej w Specjalnym O\u015brodku Szkolno Wychowawczym w Zbylitowskiej G\u00f3rze . W galerii kilkana\u015bcie zdj\u0119\u0107 z tego wydarzenia.<\/p>\n\n\n\n<p>W kwietniu zorganizowany zosta\u0142 14 dniowy turnus rehabilitacyjny w Mi\u0119dzywodziu nad morzem na kt\u00f3ry wyjecha\u0142y dzieci niepe\u0142nosprawne wraz z rodzicami. Podobny wyjazd planowany jest na sierpie\u0144 2009 (koszty w wi\u0119kszo\u015bci pokrywa Pa\u0144stwowy Fundusz Rehabilitacji Os\u00f3b Niepe\u0142nosprawnych).<\/p>\n\n\n\n<p>Uchwa\u0142a nr 1\/Z\/2008 Zarz\u0105du Stowarzyszenia Rodzic\u00f3w i Opiekun\u00f3w Dzieci Niepe\u0142nosprawnych &#8221; Nasze Dzieci&#8221; z dnia 19 stycznia 2008 r. W sprawie zakresu obowi\u0105zk\u00f3w wiceprezes\u00f3w Zarz\u0105d okre\u015bli\u0142 dla wiceprezesa Stowarzyszenia El\u017cbiety Chaim obowi\u0105zki skarbnika, za\u015b dla wiceprezesa Stowarzyszenia Krystyn\u0119 Stojak &#8211; obowi\u0105zki sekretarza .<\/p>\n\n\n\n<p><em><strong>Prezes: Renata Kawa<br>v-ce prezes: El\u017cbieta Chaim<br>v-ce prezes: Krystyn\u0119 Stojak<br>cz\u0142onek zarz\u0105du: Dorota Sk\u00f3ra<br>cz\u0142onek zarz\u0105du: Edward Patalas<\/strong><\/em><\/p>\n\n\n\n<p class=\"has-small-font-size\">Uchwa\u0142a nr 2\/Z\/2008 Zarz\u0105du Stowarzyszenia Rodzic\u00f3w i Opiekun\u00f3w Dzieci Niepe\u0142nosprawnych &#8222;Nasze Dzieci&#8221; z dnia 19 stycznia 2008 r. W sprawie tymczasowej siedziby Zarz\u0105d okre\u015bli\u0142 tymczasow\u0105 siedzib\u0119 Stowarzyszenia w Zalasowej pod adresem 33-159 Zalasowa ul. Piastowska 39.<\/p>\n","protected":false},"excerpt":{"rendered":"<p>Misj\u0105 Stowarzyszenia jest tworzenie warunk\u00f3w w\u0142\u0105czania niepe\u0142nosprawnych w tok normalnego \u017cycia, rozwijanie umiej\u0119tno\u015bci wykonywania czynno\u015bci \u017cycia codziennego [&hellip;]<\/p>\n","protected":false},"author":1,"featured_media":0,"parent":0,"menu_order":0,"comment_status":"closed","ping_status":"closed","template":"","meta":{"ngg_post_thumbnail":0},"_links":{"self":[{"href":"https:\/\/naszedzieci.info.pl\/index.php?rest_route=\/wp\/v2\/pages\/1619"}],"collection":[{"href":"https:\/\/naszedzieci.info.pl\/index.php?rest_route=\/wp\/v2\/pages"}],"about":[{"href":"https:\/\/naszedzieci.info.pl\/index.php?rest_route=\/wp\/v2\/types\/page"}],"author":[{"embeddable":true,"href":"https:\/\/naszedzieci.info.pl\/index.php?rest_route=\/wp\/v2\/users\/1"}],"replies":[{"embeddable":true,"href":"https:\/\/naszedzieci.info.pl\/index.php?rest_route=%2Fwp%2Fv2%2Fcomments&post=1619"}],"version-history":[{"count":5,"href":"https:\/\/naszedzieci.info.pl\/index.php?rest_route=\/wp\/v2\/pages\/1619\/revisions"}],"predecessor-version":[{"id":1703,"href":"https:\/\/naszedzieci.info.pl\/index.php?rest_route=\/wp\/v2\/pages\/1619\/revisions\/1703"}],"wp:attachment":[{"href":"https:\/\/naszedzieci.info.pl\/index.php?rest_route=%2Fwp%2Fv2%2Fmedia&parent=1619"}],"curies":[{"name":"wp","href":"https:\/\/api.w.org\/{rel}","templated":true}]}}