{"id":1646,"date":"2023-11-12T18:31:33","date_gmt":"2023-11-12T18:31:33","guid":{"rendered":"https:\/\/naszedzieci.info.pl\/?page_id=1646"},"modified":"2023-11-12T18:32:29","modified_gmt":"2023-11-12T18:32:29","slug":"numer-konta","status":"publish","type":"page","link":"https:\/\/naszedzieci.info.pl\/?page_id=1646","title":{"rendered":"Numer konta"},"content":{"rendered":"\n<p>Osobom zainteresowanym , chc\u0105cym wspom\u00f3c dzia\u0142alno\u015b\u0107 Stowarzyszenia\u00a0podajemy numer naszego konta :<br>Stowarzyszenie Rodzic\u00f3w i Opiekun\u00f3w Dzieci Niepe\u0142nosprawnych &#8222;Nasze Dzieci &#8221; <\/p>\n\n\n\n<p>Numer konta:<\/p>\n\n\n\n<h1 class=\"wp-block-heading\"><strong>73858900060050048025960001<\/strong><\/h1>\n","protected":false},"excerpt":{"rendered":"<p>Osobom zainteresowanym , chc\u0105cym wspom\u00f3c dzia\u0142alno\u015b\u0107 Stowarzyszenia\u00a0podajemy numer naszego konta :Stowarzyszenie Rodzic\u00f3w i Opiekun\u00f3w Dzieci Niepe\u0142nosprawnych &#8222;Nasze [&hellip;]<\/p>\n","protected":false},"author":1,"featured_media":0,"parent":0,"menu_order":0,"comment_status":"closed","ping_status":"closed","template":"","meta":{"ngg_post_thumbnail":0},"_links":{"self":[{"href":"https:\/\/naszedzieci.info.pl\/index.php?rest_route=\/wp\/v2\/pages\/1646"}],"collection":[{"href":"https:\/\/naszedzieci.info.pl\/index.php?rest_route=\/wp\/v2\/pages"}],"about":[{"href":"https:\/\/naszedzieci.info.pl\/index.php?rest_route=\/wp\/v2\/types\/page"}],"author":[{"embeddable":true,"href":"https:\/\/naszedzieci.info.pl\/index.php?rest_route=\/wp\/v2\/users\/1"}],"replies":[{"embeddable":true,"href":"https:\/\/naszedzieci.info.pl\/index.php?rest_route=%2Fwp%2Fv2%2Fcomments&post=1646"}],"version-history":[{"count":2,"href":"https:\/\/naszedzieci.info.pl\/index.php?rest_route=\/wp\/v2\/pages\/1646\/revisions"}],"predecessor-version":[{"id":1649,"href":"https:\/\/naszedzieci.info.pl\/index.php?rest_route=\/wp\/v2\/pages\/1646\/revisions\/1649"}],"wp:attachment":[{"href":"https:\/\/naszedzieci.info.pl\/index.php?rest_route=%2Fwp%2Fv2%2Fmedia&parent=1646"}],"curies":[{"name":"wp","href":"https:\/\/api.w.org\/{rel}","templated":true}]}}