{"id":1650,"date":"2023-11-12T18:33:14","date_gmt":"2023-11-12T18:33:14","guid":{"rendered":"https:\/\/naszedzieci.info.pl\/?page_id=1650"},"modified":"2023-11-12T19:24:55","modified_gmt":"2023-11-12T19:24:55","slug":"kontakt","status":"publish","type":"page","link":"https:\/\/naszedzieci.info.pl\/?page_id=1650","title":{"rendered":"Kontakt"},"content":{"rendered":"<div class=\"wp-block-image\">\n<figure class=\"aligncenter size-large\"><img decoding=\"async\" loading=\"lazy\" width=\"1024\" height=\"585\" src=\"https:\/\/naszedzieci.info.pl\/wp-content\/uploads\/2023\/11\/323272337_868506867907799_5040469521096649414_n-1-1024x585.jpg\" alt=\"\" class=\"wp-image-1702\" srcset=\"https:\/\/naszedzieci.info.pl\/wp-content\/uploads\/2023\/11\/323272337_868506867907799_5040469521096649414_n-1-1024x585.jpg 1024w, https:\/\/naszedzieci.info.pl\/wp-content\/uploads\/2023\/11\/323272337_868506867907799_5040469521096649414_n-1-300x171.jpg 300w, https:\/\/naszedzieci.info.pl\/wp-content\/uploads\/2023\/11\/323272337_868506867907799_5040469521096649414_n-1-768x439.jpg 768w, https:\/\/naszedzieci.info.pl\/wp-content\/uploads\/2023\/11\/323272337_868506867907799_5040469521096649414_n-1.jpg 1050w\" sizes=\"(max-width: 1024px) 100vw, 1024px\" \/><\/figure><\/div>\n\n\n<p>Osoby zainteresowane, maj\u0105ce podobne jak my problemy zapraszamy do naszego Stowarzyszenia i prosimy o kontakt z:<\/p>\n\n\n\n<p><strong>Pani\u0105 Prezes Renat\u0105 Kaw\u0105<\/strong><\/p>\n\n\n\n<p><strong>tel : 668 769 647<br>(wieczorem lub soboty i niedziele)<\/strong><\/p>\n\n\n\n<p><a href=\"mailto:naszedzieci5@gmail.com\">naszedzieci5@gmail.com<\/a><\/p>\n\n\n\n<p><strong>W sprawach dotycz\u0105cych strony www.naszedzieci2.cba.pl pisa\u0107 na adres:<\/strong><\/p>\n\n\n\n<p><a href=\"mailto:renata0615@wp.pl\">renata0615@wp.pl<\/a><\/p>\n","protected":false},"excerpt":{"rendered":"<p>Osoby zainteresowane, maj\u0105ce podobne jak my problemy zapraszamy do naszego Stowarzyszenia i prosimy o kontakt z: Pani\u0105 [&hellip;]<\/p>\n","protected":false},"author":1,"featured_media":0,"parent":0,"menu_order":0,"comment_status":"closed","ping_status":"closed","template":"","meta":{"ngg_post_thumbnail":0},"_links":{"self":[{"href":"https:\/\/naszedzieci.info.pl\/index.php?rest_route=\/wp\/v2\/pages\/1650"}],"collection":[{"href":"https:\/\/naszedzieci.info.pl\/index.php?rest_route=\/wp\/v2\/pages"}],"about":[{"href":"https:\/\/naszedzieci.info.pl\/index.php?rest_route=\/wp\/v2\/types\/page"}],"author":[{"embeddable":true,"href":"https:\/\/naszedzieci.info.pl\/index.php?rest_route=\/wp\/v2\/users\/1"}],"replies":[{"embeddable":true,"href":"https:\/\/naszedzieci.info.pl\/index.php?rest_route=%2Fwp%2Fv2%2Fcomments&post=1650"}],"version-history":[{"count":2,"href":"https:\/\/naszedzieci.info.pl\/index.php?rest_route=\/wp\/v2\/pages\/1650\/revisions"}],"predecessor-version":[{"id":1704,"href":"https:\/\/naszedzieci.info.pl\/index.php?rest_route=\/wp\/v2\/pages\/1650\/revisions\/1704"}],"wp:attachment":[{"href":"https:\/\/naszedzieci.info.pl\/index.php?rest_route=%2Fwp%2Fv2%2Fmedia&parent=1650"}],"curies":[{"name":"wp","href":"https:\/\/api.w.org\/{rel}","templated":true}]}}