{"id":1658,"date":"2023-11-12T18:37:45","date_gmt":"2023-11-12T18:37:45","guid":{"rendered":"https:\/\/naszedzieci.info.pl\/?page_id=1658"},"modified":"2023-11-12T19:29:00","modified_gmt":"2023-11-12T19:29:00","slug":"nasi-darczyncy","status":"publish","type":"page","link":"https:\/\/naszedzieci.info.pl\/?page_id=1658","title":{"rendered":"Nasi darczy\u0144cy"},"content":{"rendered":"<div class=\"wp-block-image\">\n<figure class=\"aligncenter size-full\"><img decoding=\"async\" loading=\"lazy\" width=\"266\" height=\"114\" src=\"https:\/\/naszedzieci.info.pl\/wp-content\/uploads\/2023\/11\/cropped-261811830_102385888954092_8811783897779193153_n.jpg\" alt=\"\" class=\"wp-image-1612\"\/><\/figure><\/div>\n\n\n<p>Prosimy osoby z dobrym sercem o przekazanie procentu na nasze Stowarzyszenie <\/p>\n\n\n\n<p>Serdecznie Dzi\u0119kujemy wszystkim wspomagaj\u0105cym nasz\u0105 dzia\u0142alno\u015b\u0107!!!!<\/p>\n\n\n\n<p>Poni\u017cej link do rozliczenia PIT<\/p>\n\n\n\n<p><a href=\"https:\/\/www.pitax.pl\/rozliczenie-pit-online-0000302686\/\">https:\/\/www.pitax.pl\/rozliczenie-pit-online-0000302686\/<\/a><\/p>\n","protected":false},"excerpt":{"rendered":"<p>Prosimy osoby z dobrym sercem o przekazanie procentu na nasze Stowarzyszenie Serdecznie Dzi\u0119kujemy wszystkim wspomagaj\u0105cym nasz\u0105 dzia\u0142alno\u015b\u0107!!!! [&hellip;]<\/p>\n","protected":false},"author":1,"featured_media":0,"parent":0,"menu_order":0,"comment_status":"closed","ping_status":"closed","template":"","meta":{"ngg_post_thumbnail":0},"_links":{"self":[{"href":"https:\/\/naszedzieci.info.pl\/index.php?rest_route=\/wp\/v2\/pages\/1658"}],"collection":[{"href":"https:\/\/naszedzieci.info.pl\/index.php?rest_route=\/wp\/v2\/pages"}],"about":[{"href":"https:\/\/naszedzieci.info.pl\/index.php?rest_route=\/wp\/v2\/types\/page"}],"author":[{"embeddable":true,"href":"https:\/\/naszedzieci.info.pl\/index.php?rest_route=\/wp\/v2\/users\/1"}],"replies":[{"embeddable":true,"href":"https:\/\/naszedzieci.info.pl\/index.php?rest_route=%2Fwp%2Fv2%2Fcomments&post=1658"}],"version-history":[{"count":3,"href":"https:\/\/naszedzieci.info.pl\/index.php?rest_route=\/wp\/v2\/pages\/1658\/revisions"}],"predecessor-version":[{"id":1709,"href":"https:\/\/naszedzieci.info.pl\/index.php?rest_route=\/wp\/v2\/pages\/1658\/revisions\/1709"}],"wp:attachment":[{"href":"https:\/\/naszedzieci.info.pl\/index.php?rest_route=%2Fwp%2Fv2%2Fmedia&parent=1658"}],"curies":[{"name":"wp","href":"https:\/\/api.w.org\/{rel}","templated":true}]}}